{"id":14,"date":"2016-03-17T17:28:47","date_gmt":"2016-03-17T16:28:47","guid":{"rendered":"http:\/\/hauenstein-ferienwohnung.de\/?page_id=14"},"modified":"2025-06-12T15:52:33","modified_gmt":"2025-06-12T13:52:33","slug":"preise-und-belegung","status":"publish","type":"page","link":"https:\/\/hauenstein-ferienwohnung.de\/index.php\/preise-und-belegung\/","title":{"rendered":"Preise und Belegung"},"content":{"rendered":"<p><strong>Preise<\/strong><\/p>\n<p>Bei einer Belegung mit 2 Personen gelten folgende Preise pro \u00dcbernachtung<\/p>\n<p>Kurzaufenthalt 2 \u00dcbernachtungen:\u00a0 \u00a0 \u00a0 \u00a0 \u00a0 60 \u20ac<\/p>\n<p>Aufenthalt 3 &#8211; 6 \u00dcbernachtungen:\u00a0 \u00a0 \u00a0 \u00a0 \u00a0 \u00a0 55 \u20ac<\/p>\n<p>Aufenthalt ab 7 \u00dcbernachtungen:\u00a0 \u00a0 \u00a0 \u00a0 \u00a0 \u00a0 50 \u20ac<\/p>\n<p>Jede weitere Person:\u00a0 \u00a0 \u00a0 \u00a0 \u00a0 \u00a0 \u00a0 \u00a0 \u00a0 \u00a0 \u00a0 \u00a0 \u00a0 \u00a0 \u00a0 \u00a0 \u00a0 \u00a0 \u00a0 18 \u20ac<\/p>\n<p>Putzpauschale:\u00a0 \u00a0 \u00a0 \u00a0 \u00a0 \u00a0 \u00a0 \u00a0 \u00a0 \u00a0 \u00a0 \u00a0 \u00a0 \u00a0 \u00a0 \u00a0 \u00a0 \u00a0 \u00a0 \u00a0 \u00a0 \u00a0 \u00a0 \u00a0 \u00a015 \u20ac<\/p>\n<p>14 N\u00e4chte statt 715\u20ac\u00a0 \u00a0 \u00a0 \u00a0 \u00a0 \u00a0 \u00a0 \u00a0 \u00a0 \u00a0 \u00a0 \u00a0 \u00a0 \u00a0 \u00a0 \u00a0 \u00a0 \u00a0 \u00a0 \u00a0675\u20ac + Pf\u00e4lzer Wein<\/p>\n<p>Kindererm\u00e4\u00dfigung: Preise auf Anfrage<\/p>\n<p><span style=\"font-size: inherit;\">Mindestaufenthaltsdauer: 2 \u00dcbernachtungen. Maximalbelegung: 3 Erwachsene oder 2 Erwachsene und 2 Kinder.<\/span><\/p>\n<p>Alle Preise sind inklusive Bettw\u00e4sche und Handt\u00fccher. Bei einem Aufenthalt von mehr als 2 Wochen, besteht die M\u00f6glichkeit Bettw\u00e4sche kostenlos auszutauschen; bei Handt\u00fcchern besteht diese M\u00f6glichkeit ab 7 N\u00e4chte Aufenthalt. Toilettenpapier und K\u00fcchenrolle sind f\u00fcr den Anreisetag vorhanden.\u00a0<\/p>\n<p><span style=\"font-size: inherit;\">Ein Baby\/Kleinkindbett (bis 25kg) kann auf Anfrage dazu gebucht werden.<\/span><\/p>\n<p>Nach Buchungseingang wird innerhalb von 10 Tagen eine Anzahlung \u00fcber 20% des Gesamtpreises f\u00e4llig. Der Restbetrag kann wahlweise kurz vor Anreise \u00fcberwiesen werden oder vor Ort in bar bezahlt werden.<\/p>\n<p><strong>Stornobedingungen<\/strong><\/p>\n<p>Folgende Kosten entstehen:<\/p>\n<p>Bei einer Absage<\/p>\n<ul>\n<li>bis 3 Monate vorher: 0%<\/li>\n<li>bis 49 Tage vorher: 10%<\/li>\n<li>bis 48-35 Tage vorher: 30%<\/li>\n<li>bis 34-21 Tage vorher: 60%<\/li>\n<li>bis 14 Tage vorher: 90%<\/li>\n<li>bei Reiseabbruch: 100%<\/li>\n<\/ul>\n<p>Bei einer Stornierung vor Reiseantritt wird eine m\u00f6gliche 3. sowie 4. Person sowie die Putzpauschale im Gesamtpreis nicht ber\u00fccksichtigt. Wir weisen daraufhin das es die M\u00f6glichkeit gibt bei diversen Anbietern eine Reiser\u00fccktritt\/ Reiseabbruch Versicherung abzuschlie\u00dfen.<\/p>\n<p>Anreise ist in der Regel ab 14.00 Uhr m\u00f6glich; Abreise bis 9.30 Uhr. Je nach Belegung und Absprache ist eine fr\u00fchere Anreise\/ sp\u00e4tere Abreise m\u00f6glich.<\/p>\n<p><strong>Belegung<\/strong><\/p>\n<div class='wpbc_only_calendar wpbc_container'><div id='calendar_booking_unselectable1'><\/div><span ><div style=\"clear:both;height:10px;\"><\/div><div class=\"wpbc_calendar_wraper wpbc_change_over_triangle wpbc_calendar_skin_legacy\"><div class=\"wpbc_cal_container bk_calendar_frame wpbc_no_custom_width  months_num_in_row_ cal_month_num_2\" style=\"\"><div id=\"calendar_booking1\"  class=\"wpbc_calendar_id_1\" ><style type=\"text\/css\" rel=\"stylesheet\" >\r\n\t\t#calendar_booking1 .calendar_loader_frame {\r\n\t\t\twidth: calc(341px * '. intval( $months_number ) . ');\r\n\t\t\tmax-width: 100%;\r\n\t\t\theight: 307px;\r\n\t\t\tborder: 0px solid #ccc;\r\n\t\t\tdisplay: flex;\r\n\t\t\tflex-flow: column nowrap;\r\n\t\t\talign-items: center;\r\n\t\t\tjustify-content: center;\r\n\t\t\tborder-radius: 5px;\r\n\t\t\tbox-shadow: 0 0 2px #ccc;\r\n\t\t\taspect-ratio0: 1 \/ 1;\r\n\t\t\tgap: 15px;\r\n\t\t\tcolor: var(--wpbc_cal-selected-day-color, #4b74aa);\r\n\t\t\tbackground: var(--wpbc_cal-main-background-color, #fff);\r\n\t\t\tcolor: var(--wpbc_cal-available-text-color);\r\n\t\t\tbackground: rgb(from var(--wpbc_cal-available-day-color) r g b \/ var(--wpbc_cal-day-bg-color-opacity));\r\n\t\t\tborder: var(--wpbc_cal-day-cell-border-width) solid var(--wpbc_cal-available-day-color);\r\n\t\t}\r\n\t\t#calendar_booking1 .calendar_loader_frame .calendar_loader_text {\r\n\t\t\tfont-size: 18px;\r\n\t\t\ttext-align: center;\r\n\t\t}\r\n\t\t.calendar_loader_frame__progress_line_container {\r\n\t\t\twidth: 50%;\r\n\t\t\tborder: 0px solid #757575;\r\n\t\t\theight: 3px;\r\n\t\t\tborder-radius: 6px;\r\n\t\t\tmargin: 7px 0 0 0;\r\n\t\t\toverflow: hidden;\r\n\t\t\tbackground: #202020;\r\n\t\t\tborder-radius: 30px;\r\n\t\t}\r\n\t\t.calendar_loader_frame__progress_line {\r\n\t\t\tfont-size: 6px;\r\n\t\t\tfont-weight: 600;\r\n\t\t\tborder-radius: 6px;\r\n\t\t\tword-wrap: normal;\r\n\t\t\twhite-space: nowrap;\r\n\t\t\tbackground: #8ECE01;\r\n\t\t\twidth: 0%;\r\n\t\t\theight: 3px;\r\n\t\t\tborder-radius: 30px;\r\n\t\t\tanimation: calendar_loader_bar_progress_line_animation 3s infinite;\r\n\t\t}\r\n\t\t@keyframes calendar_loader_bar_progress_line_animation {\r\n\t\t\t100% {\r\n\t\t\t\twidth: 100%;\r\n\t\t\t}\r\n\t\t}\r\n\t<\/style>\r\n\t<div class=\"calendar_loader_frame calendar_loader_frame1\">\r\n\t\t<div class=\"calendar_loader_text\">Wird geladen...<\/div>\r\n\t\t<div class=\"calendar_loader_frame__progress_line_container\"><div class=\"calendar_loader_frame__progress_line\"><\/div><\/div>\r\n\t<\/div>\r\n\t\t<script type=\"text\/javascript\">\r\n\t\t\tsetTimeout(\r\n\t\t\tfunction () {\r\n\t\t\t\t(function() { var a = setInterval( function() {  if ( ( 'undefined' === typeof jQuery ) || ! window.jQuery ) { return; } clearInterval( a ); jQuery( document ).ready( function () {\r\n\t\t\t\t\tif (\r\n\t\t\t\t\t\t('undefined' === typeof _wpbc) ||\r\n\t\t\t\t\t\t('undefined' === typeof jQuery.datepick)\r\n\t\t\t\t\t) {\r\n\t\t\t\t\t\t\/\/ FixIn: 10.14.1.1.\r\n\t\t\t\t\t\tvar error_loading_message = '';\r\n\t\t\t\t\t\tif ( 'undefined' === typeof _wpbc ) {\r\n\t\t\t\t\t\t\terror_loading_message = 'It appears that the &quot;_wpbc&quot; library is not loading correctly.';\r\n\t\t\t\t\t\t\terror_loading_message += '<br><br>Please enable the loading of JS\/CSS files for this page on the &quot;WP Booking Calendar&quot; - &quot;Settings General&quot; - &quot;Advanced&quot; page';\r\n\t\t\t\t\t\t} else if ( 'undefined' === typeof jQuery.datepick ) {\r\n\t\t\t\t\t\t\terror_loading_message = 'It appears that the &quot;jQuery.datepick&quot; library is not loading correctly.';\r\n\t\t\t\t\t\t}\r\n\t\t\t\t\t\tjQuery( '.calendar_loader_frame1 .calendar_loader_text' ).html( '<div style=\"font-size: 13px;margin: 10px;\">' + error_loading_message + '<br><br>For more information, please refer to this page: https:\/\/wpbookingcalendar.com\/faq\/<br><br>Contact support@wpbookingcalendar.com if you have any questions.<\/div>' );\r\n\t\t\t\t\t\treturn;\r\n\t\t\t\t\t}\r\n\t\t\t\t\tjQuery( '.calendar_loader_frame1 .calendar_loader_text').html( '<div style=\"font-size: 13px;margin: 10px;\">You have added the same calendar (ID = 1) more than once on this page. Please keep only one calendar with the same ID on a page to avoid conflicts.<br><br>Contact support@wpbookingcalendar.com if you have any questions.<\/div>' );\r\n\t\t\t\t\tif ( jQuery( '.calendar_loader_frame1').length ){\r\n\t\t\t\t\t\tconsole.log( 'WPBC Error! Duplicate calendar detected. ' , jQuery( '.wpbc_calendar_id_1') );\r\n\t\t\t\t\t}\r\n\t\t\t\t} ); }, 500 ); })();\r\n\t\t\t},\r\n\t\t\t8000\r\n\t\t);\r\n\t<\/script>\r\n\t<\/div><\/div><div style=\"font-size:7px;text-align:left;margin:0 0 10px;text-shadow: none;\">Powered by <a href=\"https:\/\/wpbookingcalendar.com\" style=\"font-size:7px;\" target=\"_blank\" title=\"Booking Calendar plugin for WordPress\">Booking Calendar<\/a><\/div><textarea id=\"date_booking1\" name=\"date_booking1\" autocomplete=\"off\" style=\"display:none;\"><\/textarea><\/div> <script type=\"text\/javascript\"> (function() { var a = setInterval( function() {  if ( ( 'undefined' === typeof _wpbc ) || ( 'undefined' === typeof jQuery ) || ! window.jQuery ) { return; } clearInterval( a ); jQuery( document ).ready( function (){ _wpbc.balancer__set_max_threads( 3 );  _wpbc.calendar__set_param_value( 1 , 'calendar_scroll_to' , false );  _wpbc.calendar__set_param_value( 1 , 'calendar_dates_start' , '' );  _wpbc.calendar__set_param_value( 1 , 'calendar_dates_end' , '' );  _wpbc.calendar__set_param_value( 1 , 'booking_max_monthes_in_calendar' , '1y' );  _wpbc.calendar__set_param_value( 1 , 'booking_start_day_weeek' , '1' );  _wpbc.calendar__set_param_value( 1 , 'calendar_number_of_months' , '2' );   _wpbc.calendar__set_param_value( 1, 'days_select_mode', 'multiple' );   _wpbc.calendar__set_param_value( 1, 'fixed__days_num', 0 );   _wpbc.calendar__set_param_value( 1, 'fixed__week_days__start',   [] );   _wpbc.calendar__set_param_value( 1, 'dynamic__days_min', 0 );   _wpbc.calendar__set_param_value( 1, 'dynamic__days_max', 0 );   _wpbc.calendar__set_param_value( 1, 'dynamic__days_specific',    [] );   _wpbc.calendar__set_param_value( 1, 'dynamic__week_days__start', [] );   _wpbc.calendar__set_param_value( 1, 'booking_date_format', 'j. F Y' );   _wpbc.calendar__set_param_value( 1, 'booking_time_format', 'G:i' );   if ( 'function' === typeof ( wpbc__conditions__SAVE_INITIAL__days_selection_params__bm ) ){ wpbc__conditions__SAVE_INITIAL__days_selection_params__bm( 1 ); }   wpbc_calendar_show( '1' );   _wpbc.set_secure_param( 'nonce',   '232cd5abbe' );   _wpbc.set_secure_param( 'user_id', '0' );   _wpbc.set_secure_param( 'locale',  'de_DE' );  wpbc_calendar__load_data__ajx( {\"resource_id\":1,\"booking_hash\":\"\",\"request_uri\":\"\\\/index.php\\\/wp-json\\\/wp\\\/v2\\\/pages\\\/14\",\"custom_form\":\"standard\",\"aggregate_resource_id_str\":\"\",\"aggregate_type\":\"all\"} ); } ); }, 500 ); })();<\/script><\/span><\/div>\n<p>Freie Zeitr\u00e4ume sind grau unterlegt, ausgebuchte Zeitr\u00e4ume rot. (An-und Abreisetag \u00fcberschneiden sich &#8211; d.h. der letzte rote Tag kann mit angefragt werden!) Orange unterlegte Zeitr\u00e4ume k\u00f6nnen noch angefragt werden.<\/p>\n\n\n<p><\/p>\n","protected":false},"excerpt":{"rendered":"<p>Preise Bei einer Belegung mit 2 Personen gelten folgende Preise pro \u00dcbernachtung Kurzaufenthalt 2 \u00dcbernachtungen:\u00a0 \u00a0 \u00a0 \u00a0 \u00a0 60 \u20ac Aufenthalt 3 &#8211; 6 \u00dcbernachtungen:\u00a0 \u00a0 \u00a0 \u00a0 \u00a0 \u00a0 55 \u20ac Aufenthalt ab 7 \u00dcbernachtungen:\u00a0 \u00a0 \u00a0 \u00a0 \u00a0 \u00a0 50 \u20ac Jede weitere Person:\u00a0 \u00a0 \u00a0 \u00a0\u2026<\/p>\n<p> <a class=\"continue-reading-link\" href=\"https:\/\/hauenstein-ferienwohnung.de\/index.php\/preise-und-belegung\/\"><span>Continue reading<\/span><i class=\"crycon-right-dir\"><\/i><\/a> <\/p>\n","protected":false},"author":1,"featured_media":0,"parent":0,"menu_order":0,"comment_status":"closed","ping_status":"closed","template":"","meta":{"footnotes":""},"class_list":["post-14","page","type-page","status-publish","hentry"],"yoast_head":"<!-- This site is optimized with the Yoast SEO plugin v25.8 - https:\/\/yoast.com\/wordpress\/plugins\/seo\/ -->\n<title>Preise und Belegung - Ferienwohnung am Schusterpfad in Hauenstein<\/title>\n<meta name=\"robots\" content=\"index, follow, max-snippet:-1, max-image-preview:large, max-video-preview:-1\" \/>\n<link rel=\"canonical\" href=\"https:\/\/hauenstein-ferienwohnung.de\/index.php\/preise-und-belegung\/\" \/>\n<meta property=\"og:locale\" content=\"de_DE\" \/>\n<meta property=\"og:type\" content=\"article\" \/>\n<meta property=\"og:title\" content=\"Preise und Belegung - Ferienwohnung am Schusterpfad in Hauenstein\" \/>\n<meta property=\"og:description\" content=\"Preise Bei einer Belegung mit 2 Personen gelten folgende Preise pro \u00dcbernachtung Kurzaufenthalt 2 \u00dcbernachtungen:\u00a0 \u00a0 \u00a0 \u00a0 \u00a0 60 \u20ac Aufenthalt 3 &#8211; 6 \u00dcbernachtungen:\u00a0 \u00a0 \u00a0 \u00a0 \u00a0 \u00a0 55 \u20ac Aufenthalt ab 7 \u00dcbernachtungen:\u00a0 \u00a0 \u00a0 \u00a0 \u00a0 \u00a0 50 \u20ac Jede weitere Person:\u00a0 \u00a0 \u00a0 \u00a0\u2026 Continue reading\" \/>\n<meta property=\"og:url\" content=\"https:\/\/hauenstein-ferienwohnung.de\/index.php\/preise-und-belegung\/\" \/>\n<meta property=\"og:site_name\" content=\"Ferienwohnung am Schusterpfad in Hauenstein\" \/>\n<meta property=\"article:modified_time\" content=\"2025-06-12T13:52:33+00:00\" \/>\n<meta name=\"twitter:card\" content=\"summary_large_image\" \/>\n<meta name=\"twitter:label1\" content=\"Gesch\u00e4tzte Lesezeit\" \/>\n\t<meta name=\"twitter:data1\" content=\"2\u00a0Minuten\" \/>\n<script type=\"application\/ld+json\" class=\"yoast-schema-graph\">{\"@context\":\"https:\/\/schema.org\",\"@graph\":[{\"@type\":\"WebPage\",\"@id\":\"https:\/\/hauenstein-ferienwohnung.de\/index.php\/preise-und-belegung\/\",\"url\":\"https:\/\/hauenstein-ferienwohnung.de\/index.php\/preise-und-belegung\/\",\"name\":\"Preise und Belegung - Ferienwohnung am Schusterpfad in Hauenstein\",\"isPartOf\":{\"@id\":\"https:\/\/hauenstein-ferienwohnung.de\/#website\"},\"datePublished\":\"2016-03-17T16:28:47+00:00\",\"dateModified\":\"2025-06-12T13:52:33+00:00\",\"breadcrumb\":{\"@id\":\"https:\/\/hauenstein-ferienwohnung.de\/index.php\/preise-und-belegung\/#breadcrumb\"},\"inLanguage\":\"de\",\"potentialAction\":[{\"@type\":\"ReadAction\",\"target\":[\"https:\/\/hauenstein-ferienwohnung.de\/index.php\/preise-und-belegung\/\"]}]},{\"@type\":\"BreadcrumbList\",\"@id\":\"https:\/\/hauenstein-ferienwohnung.de\/index.php\/preise-und-belegung\/#breadcrumb\",\"itemListElement\":[{\"@type\":\"ListItem\",\"position\":1,\"name\":\"Startseite\",\"item\":\"https:\/\/hauenstein-ferienwohnung.de\/\"},{\"@type\":\"ListItem\",\"position\":2,\"name\":\"Preise und Belegung\"}]},{\"@type\":\"WebSite\",\"@id\":\"https:\/\/hauenstein-ferienwohnung.de\/#website\",\"url\":\"https:\/\/hauenstein-ferienwohnung.de\/\",\"name\":\"Ferienwohnung am Schusterpfad in Hauenstein\",\"description\":\"Urlaub im Pf\u00e4lzerwald\",\"potentialAction\":[{\"@type\":\"SearchAction\",\"target\":{\"@type\":\"EntryPoint\",\"urlTemplate\":\"https:\/\/hauenstein-ferienwohnung.de\/?s={search_term_string}\"},\"query-input\":{\"@type\":\"PropertyValueSpecification\",\"valueRequired\":true,\"valueName\":\"search_term_string\"}}],\"inLanguage\":\"de\"}]}<\/script>\n<!-- \/ Yoast SEO plugin. -->","yoast_head_json":{"title":"Preise und Belegung - Ferienwohnung am Schusterpfad in Hauenstein","robots":{"index":"index","follow":"follow","max-snippet":"max-snippet:-1","max-image-preview":"max-image-preview:large","max-video-preview":"max-video-preview:-1"},"canonical":"https:\/\/hauenstein-ferienwohnung.de\/index.php\/preise-und-belegung\/","og_locale":"de_DE","og_type":"article","og_title":"Preise und Belegung - Ferienwohnung am Schusterpfad in Hauenstein","og_description":"Preise Bei einer Belegung mit 2 Personen gelten folgende Preise pro \u00dcbernachtung Kurzaufenthalt 2 \u00dcbernachtungen:\u00a0 \u00a0 \u00a0 \u00a0 \u00a0 60 \u20ac Aufenthalt 3 &#8211; 6 \u00dcbernachtungen:\u00a0 \u00a0 \u00a0 \u00a0 \u00a0 \u00a0 55 \u20ac Aufenthalt ab 7 \u00dcbernachtungen:\u00a0 \u00a0 \u00a0 \u00a0 \u00a0 \u00a0 50 \u20ac Jede weitere Person:\u00a0 \u00a0 \u00a0 \u00a0\u2026 Continue reading","og_url":"https:\/\/hauenstein-ferienwohnung.de\/index.php\/preise-und-belegung\/","og_site_name":"Ferienwohnung am Schusterpfad in Hauenstein","article_modified_time":"2025-06-12T13:52:33+00:00","twitter_card":"summary_large_image","twitter_misc":{"Gesch\u00e4tzte Lesezeit":"2\u00a0Minuten"},"schema":{"@context":"https:\/\/schema.org","@graph":[{"@type":"WebPage","@id":"https:\/\/hauenstein-ferienwohnung.de\/index.php\/preise-und-belegung\/","url":"https:\/\/hauenstein-ferienwohnung.de\/index.php\/preise-und-belegung\/","name":"Preise und Belegung - Ferienwohnung am Schusterpfad in Hauenstein","isPartOf":{"@id":"https:\/\/hauenstein-ferienwohnung.de\/#website"},"datePublished":"2016-03-17T16:28:47+00:00","dateModified":"2025-06-12T13:52:33+00:00","breadcrumb":{"@id":"https:\/\/hauenstein-ferienwohnung.de\/index.php\/preise-und-belegung\/#breadcrumb"},"inLanguage":"de","potentialAction":[{"@type":"ReadAction","target":["https:\/\/hauenstein-ferienwohnung.de\/index.php\/preise-und-belegung\/"]}]},{"@type":"BreadcrumbList","@id":"https:\/\/hauenstein-ferienwohnung.de\/index.php\/preise-und-belegung\/#breadcrumb","itemListElement":[{"@type":"ListItem","position":1,"name":"Startseite","item":"https:\/\/hauenstein-ferienwohnung.de\/"},{"@type":"ListItem","position":2,"name":"Preise und Belegung"}]},{"@type":"WebSite","@id":"https:\/\/hauenstein-ferienwohnung.de\/#website","url":"https:\/\/hauenstein-ferienwohnung.de\/","name":"Ferienwohnung am Schusterpfad in Hauenstein","description":"Urlaub im Pf\u00e4lzerwald","potentialAction":[{"@type":"SearchAction","target":{"@type":"EntryPoint","urlTemplate":"https:\/\/hauenstein-ferienwohnung.de\/?s={search_term_string}"},"query-input":{"@type":"PropertyValueSpecification","valueRequired":true,"valueName":"search_term_string"}}],"inLanguage":"de"}]}},"_links":{"self":[{"href":"https:\/\/hauenstein-ferienwohnung.de\/index.php\/wp-json\/wp\/v2\/pages\/14","targetHints":{"allow":["GET"]}}],"collection":[{"href":"https:\/\/hauenstein-ferienwohnung.de\/index.php\/wp-json\/wp\/v2\/pages"}],"about":[{"href":"https:\/\/hauenstein-ferienwohnung.de\/index.php\/wp-json\/wp\/v2\/types\/page"}],"author":[{"embeddable":true,"href":"https:\/\/hauenstein-ferienwohnung.de\/index.php\/wp-json\/wp\/v2\/users\/1"}],"replies":[{"embeddable":true,"href":"https:\/\/hauenstein-ferienwohnung.de\/index.php\/wp-json\/wp\/v2\/comments?post=14"}],"version-history":[{"count":46,"href":"https:\/\/hauenstein-ferienwohnung.de\/index.php\/wp-json\/wp\/v2\/pages\/14\/revisions"}],"predecessor-version":[{"id":384,"href":"https:\/\/hauenstein-ferienwohnung.de\/index.php\/wp-json\/wp\/v2\/pages\/14\/revisions\/384"}],"wp:attachment":[{"href":"https:\/\/hauenstein-ferienwohnung.de\/index.php\/wp-json\/wp\/v2\/media?parent=14"}],"curies":[{"name":"wp","href":"https:\/\/api.w.org\/{rel}","templated":true}]}}