{"id":24,"date":"2016-05-16T11:55:26","date_gmt":"2016-05-16T09:55:26","guid":{"rendered":"http:\/\/hauenstein-ferienwohnung.de\/?page_id=24"},"modified":"2025-04-29T12:45:52","modified_gmt":"2025-04-29T10:45:52","slug":"wohnung","status":"publish","type":"page","link":"https:\/\/hauenstein-ferienwohnung.de\/index.php\/wohnung\/","title":{"rendered":"Die Ferienwohnung"},"content":{"rendered":"<p>DIE RENOVIERUNG DES SCHLAFZIMMERS UND DER K\u00dcCHE SIND ABGESCHLOSSEN!<\/p>\n<style type=\"text\/css\">\n\t#foogallery-gallery-84 .fg-image {\n        width: 150px;\n    }\n<\/style>\n\t\t\t\t<div class=\"foogallery foogallery-container foogallery-default foogallery-lightbox-foogallery fg-gutter-10 fg-center fg-default fg-light fg-border-thin fg-shadow-outline fg-loading-default fg-loaded-fade-in fg-caption-hover fg-hover-fade fg-hover-zoom fg-ready\" id=\"foogallery-gallery-84\" data-foogallery=\"{&quot;item&quot;:{&quot;showCaptionTitle&quot;:true,&quot;showCaptionDescription&quot;:true},&quot;lazy&quot;:true}\" data-foogallery-lightbox=\"{&quot;thumbs&quot;:&quot;bottom&quot;,&quot;thumbsCaptions&quot;:false,&quot;thumbsBestFit&quot;:false,&quot;thumbsSmall&quot;:false,&quot;thumbsCaptionsAlign&quot;:&quot;default&quot;,&quot;info&quot;:&quot;bottom&quot;,&quot;infoVisible&quot;:true,&quot;infoOverlay&quot;:true,&quot;infoAlign&quot;:&quot;default&quot;,&quot;transition&quot;:&quot;fade&quot;,&quot;hoverButtons&quot;:false,&quot;fitMedia&quot;:false,&quot;noScrollbars&quot;:true,&quot;preserveButtonSpace&quot;:true,&quot;buttons&quot;:{&quot;fullscreen&quot;:true,&quot;info&quot;:true,&quot;thumbs&quot;:false},&quot;video&quot;:{&quot;autoPlay&quot;:true}}\" >\n\t<div class=\"fg-item fg-type-image fg-idle\"><figure class=\"fg-item-inner\"><a href=\"https:\/\/hauenstein-ferienwohnung.de\/wp-content\/uploads\/2016\/09\/Haus-Frontansicht.jpg\" data-caption-title=\"Haus Gartenansicht\" data-attachment-id=\"85\" data-type=\"image\" class=\"fg-thumb\"><span class=\"fg-image-wrap\"><img decoding=\"async\" title=\"Haus Gartenansicht\" width=\"150\" height=\"150\" class=\"skip-lazy fg-image\" data-src-fg=\"https:\/\/hauenstein-ferienwohnung.de\/wp-content\/uploads\/cache\/2016\/09\/Haus-Frontansicht\/3121920118.jpg\" src=\"data:image\/svg+xml,%3Csvg%20xmlns%3D%22http%3A%2F%2Fwww.w3.org%2F2000%2Fsvg%22%20width%3D%22150%22%20height%3D%22150%22%20viewBox%3D%220%200%20150%20150%22%3E%3C%2Fsvg%3E\" loading=\"eager\"><\/span><span class=\"fg-image-overlay\"><\/span><\/a><figcaption class=\"fg-caption\"><div class=\"fg-caption-inner\"><div class=\"fg-caption-title\">Haus Gartenansicht<\/div><\/div><\/figcaption><\/figure><div class=\"fg-loader\"><\/div><\/div><div class=\"fg-item fg-type-image fg-idle\"><figure class=\"fg-item-inner\"><a href=\"https:\/\/hauenstein-ferienwohnung.de\/wp-content\/uploads\/2016\/09\/IMG_0393.jpg\" data-caption-title=\"Haus Frontansicht\" data-attachment-id=\"86\" data-type=\"image\" class=\"fg-thumb\"><span class=\"fg-image-wrap\"><img decoding=\"async\" title=\"Haus Frontansicht\" width=\"150\" height=\"150\" class=\"skip-lazy fg-image\" data-src-fg=\"https:\/\/hauenstein-ferienwohnung.de\/wp-content\/uploads\/cache\/2016\/09\/IMG_0393\/1622563005.jpg\" src=\"data:image\/svg+xml,%3Csvg%20xmlns%3D%22http%3A%2F%2Fwww.w3.org%2F2000%2Fsvg%22%20width%3D%22150%22%20height%3D%22150%22%20viewBox%3D%220%200%20150%20150%22%3E%3C%2Fsvg%3E\" loading=\"eager\"><\/span><span class=\"fg-image-overlay\"><\/span><\/a><figcaption class=\"fg-caption\"><div class=\"fg-caption-inner\"><div class=\"fg-caption-title\">Haus Frontansicht<\/div><\/div><\/figcaption><\/figure><div class=\"fg-loader\"><\/div><\/div><div class=\"fg-item fg-type-image fg-idle\"><figure class=\"fg-item-inner\"><a href=\"https:\/\/hauenstein-ferienwohnung.de\/wp-content\/uploads\/2016\/09\/IMG_0422.jpg\" data-caption-title=\"Flur\" data-attachment-id=\"94\" data-type=\"image\" class=\"fg-thumb\"><span class=\"fg-image-wrap\"><img decoding=\"async\" title=\"Flur\" width=\"150\" height=\"150\" class=\"skip-lazy fg-image\" data-src-fg=\"https:\/\/hauenstein-ferienwohnung.de\/wp-content\/uploads\/cache\/2016\/09\/IMG_0422\/1906645573.jpg\" src=\"data:image\/svg+xml,%3Csvg%20xmlns%3D%22http%3A%2F%2Fwww.w3.org%2F2000%2Fsvg%22%20width%3D%22150%22%20height%3D%22150%22%20viewBox%3D%220%200%20150%20150%22%3E%3C%2Fsvg%3E\" loading=\"eager\"><\/span><span class=\"fg-image-overlay\"><\/span><\/a><figcaption class=\"fg-caption\"><div class=\"fg-caption-inner\"><div class=\"fg-caption-title\">Flur<\/div><\/div><\/figcaption><\/figure><div class=\"fg-loader\"><\/div><\/div><div class=\"fg-item fg-type-image fg-idle\"><figure class=\"fg-item-inner\"><a href=\"https:\/\/hauenstein-ferienwohnung.de\/wp-content\/uploads\/2025\/04\/IMG_1874.jpeg\" data-attachment-id=\"378\" data-type=\"image\" class=\"fg-thumb\"><span class=\"fg-image-wrap\"><img decoding=\"async\" width=\"150\" height=\"150\" class=\"skip-lazy fg-image\" data-src-fg=\"https:\/\/hauenstein-ferienwohnung.de\/wp-content\/uploads\/cache\/2025\/04\/IMG_1874\/903774653.jpeg\" src=\"data:image\/svg+xml,%3Csvg%20xmlns%3D%22http%3A%2F%2Fwww.w3.org%2F2000%2Fsvg%22%20width%3D%22150%22%20height%3D%22150%22%20viewBox%3D%220%200%20150%20150%22%3E%3C%2Fsvg%3E\" loading=\"eager\"><\/span><span class=\"fg-image-overlay\"><\/span><\/a><figcaption class=\"fg-caption\"><div class=\"fg-caption-inner\"><\/div><\/figcaption><\/figure><div class=\"fg-loader\"><\/div><\/div><div class=\"fg-item fg-type-image fg-idle\"><figure class=\"fg-item-inner\"><a href=\"https:\/\/hauenstein-ferienwohnung.de\/wp-content\/uploads\/2025\/04\/IMG_1872.jpeg\" data-attachment-id=\"377\" data-type=\"image\" class=\"fg-thumb\"><span class=\"fg-image-wrap\"><img decoding=\"async\" width=\"150\" height=\"150\" class=\"skip-lazy fg-image\" data-src-fg=\"https:\/\/hauenstein-ferienwohnung.de\/wp-content\/uploads\/cache\/2025\/04\/IMG_1872\/2510313123.jpeg\" src=\"data:image\/svg+xml,%3Csvg%20xmlns%3D%22http%3A%2F%2Fwww.w3.org%2F2000%2Fsvg%22%20width%3D%22150%22%20height%3D%22150%22%20viewBox%3D%220%200%20150%20150%22%3E%3C%2Fsvg%3E\" loading=\"eager\"><\/span><span class=\"fg-image-overlay\"><\/span><\/a><figcaption class=\"fg-caption\"><div class=\"fg-caption-inner\"><\/div><\/figcaption><\/figure><div class=\"fg-loader\"><\/div><\/div><div class=\"fg-item fg-type-image fg-idle\"><figure class=\"fg-item-inner\"><a href=\"https:\/\/hauenstein-ferienwohnung.de\/wp-content\/uploads\/2025\/04\/IMG_1875.jpeg\" data-attachment-id=\"379\" data-type=\"image\" class=\"fg-thumb\"><span class=\"fg-image-wrap\"><img decoding=\"async\" width=\"150\" height=\"150\" class=\"skip-lazy fg-image\" data-src-fg=\"https:\/\/hauenstein-ferienwohnung.de\/wp-content\/uploads\/cache\/2025\/04\/IMG_1875\/2186027965.jpeg\" src=\"data:image\/svg+xml,%3Csvg%20xmlns%3D%22http%3A%2F%2Fwww.w3.org%2F2000%2Fsvg%22%20width%3D%22150%22%20height%3D%22150%22%20viewBox%3D%220%200%20150%20150%22%3E%3C%2Fsvg%3E\" loading=\"eager\"><\/span><span class=\"fg-image-overlay\"><\/span><\/a><figcaption class=\"fg-caption\"><div class=\"fg-caption-inner\"><\/div><\/figcaption><\/figure><div class=\"fg-loader\"><\/div><\/div><div class=\"fg-item fg-type-image fg-idle\"><figure class=\"fg-item-inner\"><a href=\"https:\/\/hauenstein-ferienwohnung.de\/wp-content\/uploads\/2016\/09\/IMG_0438.jpg\" data-caption-title=\"Ausblick Wohnbereich\" data-attachment-id=\"97\" data-type=\"image\" class=\"fg-thumb\"><span class=\"fg-image-wrap\"><img decoding=\"async\" title=\"Ausblick Wohnbereich\" width=\"150\" height=\"150\" class=\"skip-lazy fg-image\" data-src-fg=\"https:\/\/hauenstein-ferienwohnung.de\/wp-content\/uploads\/cache\/2016\/09\/IMG_0438\/160651439.jpg\" src=\"data:image\/svg+xml,%3Csvg%20xmlns%3D%22http%3A%2F%2Fwww.w3.org%2F2000%2Fsvg%22%20width%3D%22150%22%20height%3D%22150%22%20viewBox%3D%220%200%20150%20150%22%3E%3C%2Fsvg%3E\" loading=\"eager\"><\/span><span class=\"fg-image-overlay\"><\/span><\/a><figcaption class=\"fg-caption\"><div class=\"fg-caption-inner\"><div class=\"fg-caption-title\">Ausblick Wohnbereich<\/div><\/div><\/figcaption><\/figure><div class=\"fg-loader\"><\/div><\/div><div class=\"fg-item fg-type-image fg-idle\"><figure class=\"fg-item-inner\"><a href=\"https:\/\/hauenstein-ferienwohnung.de\/wp-content\/uploads\/2016\/09\/IMG_0442.jpg\" data-caption-title=\"Ausblick Wohnbereich\" data-attachment-id=\"98\" data-type=\"image\" class=\"fg-thumb\"><span class=\"fg-image-wrap\"><img decoding=\"async\" title=\"Ausblick Wohnbereich\" width=\"150\" height=\"150\" class=\"skip-lazy fg-image\" data-src-fg=\"https:\/\/hauenstein-ferienwohnung.de\/wp-content\/uploads\/cache\/2016\/09\/IMG_0442\/1315456713.jpg\" src=\"data:image\/svg+xml,%3Csvg%20xmlns%3D%22http%3A%2F%2Fwww.w3.org%2F2000%2Fsvg%22%20width%3D%22150%22%20height%3D%22150%22%20viewBox%3D%220%200%20150%20150%22%3E%3C%2Fsvg%3E\" loading=\"eager\"><\/span><span class=\"fg-image-overlay\"><\/span><\/a><figcaption class=\"fg-caption\"><div class=\"fg-caption-inner\"><div class=\"fg-caption-title\">Ausblick Wohnbereich<\/div><\/div><\/figcaption><\/figure><div class=\"fg-loader\"><\/div><\/div><div class=\"fg-item fg-type-image fg-idle\"><figure class=\"fg-item-inner\"><a href=\"https:\/\/hauenstein-ferienwohnung.de\/wp-content\/uploads\/2025\/04\/IMG_1867.jpeg\" data-attachment-id=\"374\" data-type=\"image\" class=\"fg-thumb\"><span class=\"fg-image-wrap\"><img decoding=\"async\" width=\"150\" height=\"150\" class=\"skip-lazy fg-image\" data-src-fg=\"https:\/\/hauenstein-ferienwohnung.de\/wp-content\/uploads\/cache\/2025\/04\/IMG_1867\/180266070.jpeg\" src=\"data:image\/svg+xml,%3Csvg%20xmlns%3D%22http%3A%2F%2Fwww.w3.org%2F2000%2Fsvg%22%20width%3D%22150%22%20height%3D%22150%22%20viewBox%3D%220%200%20150%20150%22%3E%3C%2Fsvg%3E\" loading=\"eager\"><\/span><span class=\"fg-image-overlay\"><\/span><\/a><figcaption class=\"fg-caption\"><div class=\"fg-caption-inner\"><\/div><\/figcaption><\/figure><div class=\"fg-loader\"><\/div><\/div><div class=\"fg-item fg-type-image fg-idle\"><figure class=\"fg-item-inner\"><a href=\"https:\/\/hauenstein-ferienwohnung.de\/wp-content\/uploads\/2025\/04\/IMG_1868.jpeg\" data-attachment-id=\"375\" data-type=\"image\" class=\"fg-thumb\"><span class=\"fg-image-wrap\"><img decoding=\"async\" width=\"150\" height=\"150\" class=\"skip-lazy fg-image\" data-src-fg=\"https:\/\/hauenstein-ferienwohnung.de\/wp-content\/uploads\/cache\/2025\/04\/IMG_1868\/1978588612.jpeg\" src=\"data:image\/svg+xml,%3Csvg%20xmlns%3D%22http%3A%2F%2Fwww.w3.org%2F2000%2Fsvg%22%20width%3D%22150%22%20height%3D%22150%22%20viewBox%3D%220%200%20150%20150%22%3E%3C%2Fsvg%3E\" loading=\"eager\"><\/span><span class=\"fg-image-overlay\"><\/span><\/a><figcaption class=\"fg-caption\"><div class=\"fg-caption-inner\"><\/div><\/figcaption><\/figure><div class=\"fg-loader\"><\/div><\/div><div class=\"fg-item fg-type-image fg-idle\"><figure class=\"fg-item-inner\"><a href=\"https:\/\/hauenstein-ferienwohnung.de\/wp-content\/uploads\/2024\/04\/IMG_5958-scaled.jpeg\" data-caption-title=\"Bad\" data-attachment-id=\"338\" data-type=\"image\" class=\"fg-thumb\"><span class=\"fg-image-wrap\"><img decoding=\"async\" title=\"Bad\" width=\"150\" height=\"150\" class=\"skip-lazy fg-image\" data-src-fg=\"https:\/\/hauenstein-ferienwohnung.de\/wp-content\/uploads\/cache\/2024\/04\/IMG_5958-scaled\/3335932742.jpeg\" src=\"data:image\/svg+xml,%3Csvg%20xmlns%3D%22http%3A%2F%2Fwww.w3.org%2F2000%2Fsvg%22%20width%3D%22150%22%20height%3D%22150%22%20viewBox%3D%220%200%20150%20150%22%3E%3C%2Fsvg%3E\" loading=\"eager\"><\/span><span class=\"fg-image-overlay\"><\/span><\/a><figcaption class=\"fg-caption\"><div class=\"fg-caption-inner\"><div class=\"fg-caption-title\">Bad<\/div><\/div><\/figcaption><\/figure><div class=\"fg-loader\"><\/div><\/div><div class=\"fg-item fg-type-image fg-idle\"><figure class=\"fg-item-inner\"><a href=\"https:\/\/hauenstein-ferienwohnung.de\/wp-content\/uploads\/2016\/09\/20170404_160959.jpg\" data-caption-title=\"Sitzplatz im Freien\" data-attachment-id=\"212\" data-type=\"image\" class=\"fg-thumb\"><span class=\"fg-image-wrap\"><img decoding=\"async\" title=\"Sitzplatz im Freien\" width=\"150\" height=\"150\" class=\"skip-lazy fg-image\" data-src-fg=\"https:\/\/hauenstein-ferienwohnung.de\/wp-content\/uploads\/cache\/2016\/09\/20170404_160959\/867107954.jpg\" src=\"data:image\/svg+xml,%3Csvg%20xmlns%3D%22http%3A%2F%2Fwww.w3.org%2F2000%2Fsvg%22%20width%3D%22150%22%20height%3D%22150%22%20viewBox%3D%220%200%20150%20150%22%3E%3C%2Fsvg%3E\" loading=\"eager\"><\/span><span class=\"fg-image-overlay\"><\/span><\/a><figcaption class=\"fg-caption\"><div class=\"fg-caption-inner\"><div class=\"fg-caption-title\">Sitzplatz im Freien<\/div><\/div><\/figcaption><\/figure><div class=\"fg-loader\"><\/div><\/div><\/div>\n\n<p>Unsere Ferienwohnung ist eine Souterrainwohnung in bester Wohnlage; ruhig und dennoch kurze Wege in den Ort. Die Wohnung liegt in einem Einfamilienhaus und hat einen eigenen Eingang. Die Wohnfl\u00e4che betr\u00e4gt 43 qm. Diese verteilen sich auf ein separates Schlafzimmer, ein innenliegendes Bad, einen zusammenh\u00e4ngenden Wohn-\/ Ess- und Kochbereich und eine kleine Abstellkammer. Die Wohnung ist ideal f\u00fcr 2 Erwachsene. Eine Belegung mit maximal 3 Erwachsenen oder 2 Erwachsenen und 2 Kindern ist aber m\u00f6glich.<\/p>\n<p>Zur Ferienwohnung geh\u00f6rt ein eigener Parkplatz mit angrenzender Sitzm\u00f6glichkeit im Freien. Von dort hat man einen sch\u00f6nen Blick \u00fcber Teile von Hauenstein.<\/p>\n<p>Auf den Bildern kann man gr\u00f6\u00dftenteils sehen, wie die R\u00e4ume ausgestattet sind; ansonsten hier noch einige Merkmale\/ Besonderheiten der Ferienwohnung:<\/p>\n<p><strong>Schlafzimmer<\/strong>: Doppelbett 180&#215;200, Ganzk\u00f6rperspiegel, TV<\/p>\n<p><strong>Wohnbereich<\/strong>: Schlafcouch, TV, Internet\/ WLAN, Radio\/ CD-Spieler<\/p>\n<p><strong>Essbereich<\/strong>: Sitzm\u00f6glichkeit f\u00fcr 4 Personen, 1 Kinderstuhl<\/p>\n<p><strong>Kochbereich<\/strong>: Backofen, Cerankochfeld (4 Platten), Kaffeemaschine, Wasserkocher, Toaster, K\u00fchlschrank mit integriertem Gefrierfach, Sp\u00fclmaschine<\/p>\n<p><strong>Badezimmer<\/strong>: Dusche, WC, Waschbecken, Handtuchheizung, Fu\u00dfbodenerw\u00e4rmung, Haartrockner<\/p>\n<p>Sitzm\u00f6glichkeit im Freien: Tisch und 2 (-4) St\u00fchle, Grillm\u00f6glichkeit<\/p>\n<p>Die Ferienwohnung ist eine <strong>Nichtraucherwohnung<\/strong> und Haustiere sind nicht gestattet.<\/p>\n<p>Auf Anfrage gibt es die M\u00f6glichkeit Fahrr\u00e4der abgeschlossen abzustellen und auch \u00a0E-Bikes zu laden.<\/p>\n\n\n<p><\/p>\n","protected":false},"excerpt":{"rendered":"<p>DIE RENOVIERUNG DES SCHLAFZIMMERS UND DER K\u00dcCHE SIND ABGESCHLOSSEN! Unsere Ferienwohnung ist eine Souterrainwohnung in bester Wohnlage; ruhig und dennoch kurze Wege in den Ort. Die Wohnung liegt in einem Einfamilienhaus und hat einen eigenen Eingang. Die Wohnfl\u00e4che betr\u00e4gt 43 qm. Diese verteilen sich auf ein separates Schlafzimmer, ein innenliegendes\u2026<\/p>\n<p> <a class=\"continue-reading-link\" href=\"https:\/\/hauenstein-ferienwohnung.de\/index.php\/wohnung\/\"><span>Continue reading<\/span><i class=\"crycon-right-dir\"><\/i><\/a> <\/p>\n","protected":false},"author":1,"featured_media":0,"parent":0,"menu_order":0,"comment_status":"closed","ping_status":"closed","template":"","meta":{"footnotes":""},"class_list":["post-24","page","type-page","status-publish","hentry"],"yoast_head":"<!-- This site is optimized with the Yoast SEO plugin v25.8 - https:\/\/yoast.com\/wordpress\/plugins\/seo\/ -->\n<title>Die Ferienwohnung - Ferienwohnung am Schusterpfad in Hauenstein<\/title>\n<meta name=\"robots\" content=\"index, follow, max-snippet:-1, max-image-preview:large, max-video-preview:-1\" \/>\n<link rel=\"canonical\" href=\"https:\/\/hauenstein-ferienwohnung.de\/index.php\/wohnung\/\" \/>\n<meta property=\"og:locale\" content=\"de_DE\" \/>\n<meta property=\"og:type\" content=\"article\" \/>\n<meta property=\"og:title\" content=\"Die Ferienwohnung - Ferienwohnung am Schusterpfad in Hauenstein\" \/>\n<meta property=\"og:description\" content=\"DIE RENOVIERUNG DES SCHLAFZIMMERS UND DER K\u00dcCHE SIND ABGESCHLOSSEN! Unsere Ferienwohnung ist eine Souterrainwohnung in bester Wohnlage; ruhig und dennoch kurze Wege in den Ort. Die Wohnung liegt in einem Einfamilienhaus und hat einen eigenen Eingang. Die Wohnfl\u00e4che betr\u00e4gt 43 qm. Diese verteilen sich auf ein separates Schlafzimmer, ein innenliegendes\u2026 Continue reading\" \/>\n<meta property=\"og:url\" content=\"https:\/\/hauenstein-ferienwohnung.de\/index.php\/wohnung\/\" \/>\n<meta property=\"og:site_name\" content=\"Ferienwohnung am Schusterpfad in Hauenstein\" \/>\n<meta property=\"article:modified_time\" content=\"2025-04-29T10:45:52+00:00\" \/>\n<meta name=\"twitter:card\" content=\"summary_large_image\" \/>\n<meta name=\"twitter:label1\" content=\"Gesch\u00e4tzte Lesezeit\" \/>\n\t<meta name=\"twitter:data1\" content=\"1\u00a0Minute\" \/>\n<script type=\"application\/ld+json\" class=\"yoast-schema-graph\">{\"@context\":\"https:\/\/schema.org\",\"@graph\":[{\"@type\":\"WebPage\",\"@id\":\"https:\/\/hauenstein-ferienwohnung.de\/index.php\/wohnung\/\",\"url\":\"https:\/\/hauenstein-ferienwohnung.de\/index.php\/wohnung\/\",\"name\":\"Die Ferienwohnung - Ferienwohnung am Schusterpfad in Hauenstein\",\"isPartOf\":{\"@id\":\"https:\/\/hauenstein-ferienwohnung.de\/#website\"},\"datePublished\":\"2016-05-16T09:55:26+00:00\",\"dateModified\":\"2025-04-29T10:45:52+00:00\",\"breadcrumb\":{\"@id\":\"https:\/\/hauenstein-ferienwohnung.de\/index.php\/wohnung\/#breadcrumb\"},\"inLanguage\":\"de\",\"potentialAction\":[{\"@type\":\"ReadAction\",\"target\":[\"https:\/\/hauenstein-ferienwohnung.de\/index.php\/wohnung\/\"]}]},{\"@type\":\"BreadcrumbList\",\"@id\":\"https:\/\/hauenstein-ferienwohnung.de\/index.php\/wohnung\/#breadcrumb\",\"itemListElement\":[{\"@type\":\"ListItem\",\"position\":1,\"name\":\"Startseite\",\"item\":\"https:\/\/hauenstein-ferienwohnung.de\/\"},{\"@type\":\"ListItem\",\"position\":2,\"name\":\"Die Ferienwohnung\"}]},{\"@type\":\"WebSite\",\"@id\":\"https:\/\/hauenstein-ferienwohnung.de\/#website\",\"url\":\"https:\/\/hauenstein-ferienwohnung.de\/\",\"name\":\"Ferienwohnung am Schusterpfad in Hauenstein\",\"description\":\"Urlaub im Pf\u00e4lzerwald\",\"potentialAction\":[{\"@type\":\"SearchAction\",\"target\":{\"@type\":\"EntryPoint\",\"urlTemplate\":\"https:\/\/hauenstein-ferienwohnung.de\/?s={search_term_string}\"},\"query-input\":{\"@type\":\"PropertyValueSpecification\",\"valueRequired\":true,\"valueName\":\"search_term_string\"}}],\"inLanguage\":\"de\"}]}<\/script>\n<!-- \/ Yoast SEO plugin. -->","yoast_head_json":{"title":"Die Ferienwohnung - Ferienwohnung am Schusterpfad in Hauenstein","robots":{"index":"index","follow":"follow","max-snippet":"max-snippet:-1","max-image-preview":"max-image-preview:large","max-video-preview":"max-video-preview:-1"},"canonical":"https:\/\/hauenstein-ferienwohnung.de\/index.php\/wohnung\/","og_locale":"de_DE","og_type":"article","og_title":"Die Ferienwohnung - Ferienwohnung am Schusterpfad in Hauenstein","og_description":"DIE RENOVIERUNG DES SCHLAFZIMMERS UND DER K\u00dcCHE SIND ABGESCHLOSSEN! Unsere Ferienwohnung ist eine Souterrainwohnung in bester Wohnlage; ruhig und dennoch kurze Wege in den Ort. Die Wohnung liegt in einem Einfamilienhaus und hat einen eigenen Eingang. Die Wohnfl\u00e4che betr\u00e4gt 43 qm. Diese verteilen sich auf ein separates Schlafzimmer, ein innenliegendes\u2026 Continue reading","og_url":"https:\/\/hauenstein-ferienwohnung.de\/index.php\/wohnung\/","og_site_name":"Ferienwohnung am Schusterpfad in Hauenstein","article_modified_time":"2025-04-29T10:45:52+00:00","twitter_card":"summary_large_image","twitter_misc":{"Gesch\u00e4tzte Lesezeit":"1\u00a0Minute"},"schema":{"@context":"https:\/\/schema.org","@graph":[{"@type":"WebPage","@id":"https:\/\/hauenstein-ferienwohnung.de\/index.php\/wohnung\/","url":"https:\/\/hauenstein-ferienwohnung.de\/index.php\/wohnung\/","name":"Die Ferienwohnung - Ferienwohnung am Schusterpfad in Hauenstein","isPartOf":{"@id":"https:\/\/hauenstein-ferienwohnung.de\/#website"},"datePublished":"2016-05-16T09:55:26+00:00","dateModified":"2025-04-29T10:45:52+00:00","breadcrumb":{"@id":"https:\/\/hauenstein-ferienwohnung.de\/index.php\/wohnung\/#breadcrumb"},"inLanguage":"de","potentialAction":[{"@type":"ReadAction","target":["https:\/\/hauenstein-ferienwohnung.de\/index.php\/wohnung\/"]}]},{"@type":"BreadcrumbList","@id":"https:\/\/hauenstein-ferienwohnung.de\/index.php\/wohnung\/#breadcrumb","itemListElement":[{"@type":"ListItem","position":1,"name":"Startseite","item":"https:\/\/hauenstein-ferienwohnung.de\/"},{"@type":"ListItem","position":2,"name":"Die Ferienwohnung"}]},{"@type":"WebSite","@id":"https:\/\/hauenstein-ferienwohnung.de\/#website","url":"https:\/\/hauenstein-ferienwohnung.de\/","name":"Ferienwohnung am Schusterpfad in Hauenstein","description":"Urlaub im Pf\u00e4lzerwald","potentialAction":[{"@type":"SearchAction","target":{"@type":"EntryPoint","urlTemplate":"https:\/\/hauenstein-ferienwohnung.de\/?s={search_term_string}"},"query-input":{"@type":"PropertyValueSpecification","valueRequired":true,"valueName":"search_term_string"}}],"inLanguage":"de"}]}},"_links":{"self":[{"href":"https:\/\/hauenstein-ferienwohnung.de\/index.php\/wp-json\/wp\/v2\/pages\/24","targetHints":{"allow":["GET"]}}],"collection":[{"href":"https:\/\/hauenstein-ferienwohnung.de\/index.php\/wp-json\/wp\/v2\/pages"}],"about":[{"href":"https:\/\/hauenstein-ferienwohnung.de\/index.php\/wp-json\/wp\/v2\/types\/page"}],"author":[{"embeddable":true,"href":"https:\/\/hauenstein-ferienwohnung.de\/index.php\/wp-json\/wp\/v2\/users\/1"}],"replies":[{"embeddable":true,"href":"https:\/\/hauenstein-ferienwohnung.de\/index.php\/wp-json\/wp\/v2\/comments?post=24"}],"version-history":[{"count":34,"href":"https:\/\/hauenstein-ferienwohnung.de\/index.php\/wp-json\/wp\/v2\/pages\/24\/revisions"}],"predecessor-version":[{"id":380,"href":"https:\/\/hauenstein-ferienwohnung.de\/index.php\/wp-json\/wp\/v2\/pages\/24\/revisions\/380"}],"wp:attachment":[{"href":"https:\/\/hauenstein-ferienwohnung.de\/index.php\/wp-json\/wp\/v2\/media?parent=24"}],"curies":[{"name":"wp","href":"https:\/\/api.w.org\/{rel}","templated":true}]}}